{"id":46,"date":"2025-06-11T02:11:40","date_gmt":"2025-06-11T02:11:40","guid":{"rendered":"https:\/\/elvigia.cl\/wp\/home\/"},"modified":"2025-10-16T17:45:42","modified_gmt":"2025-10-16T17:45:42","slug":"inicio","status":"publish","type":"page","link":"https:\/\/elvigia.cl\/wp\/","title":{"rendered":"Inicio"},"content":{"rendered":"\n\n\n<h6>8 a\u00f1os de experiencia<\/h6>\n<h4>Instalaci\u00f3n y Servicio T\u00e9cnico en Seguridad Residencial y Comercial<\/h4>\n<p>La seguridad residencial se enfoca en proteger las viviendas, comunidades y a sus residentes de intrusiones, robos e incendios, mientras que la seguridad comercial se centra en proteger las empresas, sus activos y empleados de amenazas similares. <\/p>\n\n\nContamos con la experiencia necesaria para llevar a cabo su proyecto de seguridad.\n\n\nSoporte telef\u00f3nico y en l\u00ednea para nuestros clientes\n\n\n\n\n\n\n\n\n\n<h6>SERVICIOS<\/h6>\n<h2>Nuestros Servicios<\/h2>\n\n\n<font style=\"vertical-align: inherit;\"><font style=\"vertical-align: inherit;\">Venta e instalaci\u00f3n de C\u00e1maras residenciales, comunitarias y comerciales instaladas. Calidad Full HD hasta 8k, anal\u00f3gicas e ip. Nos adaptamos a su presupuesto.<\/font><\/font>\n\n\n\n<font style=\"vertical-align: inherit;\"><font style=\"vertical-align: inherit;\">Venta e instalaci\u00f3n de Alarmas residenciales, comunitarias y comerciales. Potencia desde 20w a 90w, con activaci\u00f3n por control, tel\u00e9fono o wifi y al\u00e1mbricas o solares.<\/font><\/font>\n\n\n\n<font style=\"vertical-align: inherit;\"><font style=\"vertical-align: inherit;\">Venta e instalaci\u00f3n de Iluminaci\u00f3n solar para casas, parcelas o negocios. Poste o reflector solar de la potencia que necesite el cliente. Nos adaptamos a su presupuesto.<\/font><\/font>\n\n\n\n\n\n<font style=\"vertical-align: inherit;\"><font style=\"vertical-align: inherit;\"><font style=\"vertical-align: inherit;\"><font style=\"vertical-align: inherit;\">Casa inteligente, dom\u00f3tica es el control autom\u00e1tico de dispositivos dom\u00e9sticos inteligentes como electrodom\u00e9sticos, luces<\/font><\/font><\/font><\/font><font style=\"vertical-align: inherit;\"><font style=\"vertical-align: inherit;\">, alarmas y c\u00e1maras de seguridad. Instalamos y configuramos.<\/font><\/font>\n\n\n\n<font style=\"vertical-align: inherit;\"><font style=\"vertical-align: inherit;\">Creaci\u00f3n, administraci\u00f3n y desarrollo de p\u00e1ginas web b\u00e1sicas y profesionales adaptables a la necesidad del cliente. P\u00e1ginas autoadministrables y adaptables a pc, tablet y celular.<\/font><\/font>\n\n\n\nServicio T\u00e9cnico a c\u00e1maras y alarmas, contamos con servicio a domicilio como tambi\u00e9n en nuestra dependencia. Reparamos o reemplazamos las piezas da\u00f1adas para as\u00ed dejar operativo el dispositivo.\n\n\n\n\n\n\n\n<h6>ULTIMOS PROYECTOS EJECUTADOS<\/h6>\n<h3><font style=\"vertical-align: inherit;\"><font style=\"vertical-align: inherit;\">Nuestros Proyectos Recientes<\/font><\/font><\/h3>\n\n\n\n\n\n\n\n\n\n\n\n\n\n\n\n\n\n\n\n\n\n\n\n<h6><font style=\"vertical-align: inherit;\"><font style=\"vertical-align: inherit;\">Nuestro portafolio<\/font><\/font><\/h6>\n<h3><font style=\"vertical-align: inherit;\"><font style=\"vertical-align: inherit;\">Algunos de nuestro desarrollo web<\/font><\/font><\/h3>\n\n\n\n<h5>http:\/\/constructorasoman.cl\/<\/h5>\n\n\n\n<h5>https:\/\/vitrum.cl\/<\/h5>\n\n\n\n\n","protected":false},"excerpt":{"rendered":"","protected":false},"author":1,"featured_media":0,"parent":0,"menu_order":0,"comment_status":"closed","ping_status":"closed","template":"","meta":{"pagelayer_contact_templates":[],"_pagelayer_content":"","footnotes":""},"class_list":["post-46","page","type-page","status-publish","hentry"],"_links":{"self":[{"href":"https:\/\/elvigia.cl\/wp\/wp-json\/wp\/v2\/pages\/46","targetHints":{"allow":["GET"]}}],"collection":[{"href":"https:\/\/elvigia.cl\/wp\/wp-json\/wp\/v2\/pages"}],"about":[{"href":"https:\/\/elvigia.cl\/wp\/wp-json\/wp\/v2\/types\/page"}],"author":[{"embeddable":true,"href":"https:\/\/elvigia.cl\/wp\/wp-json\/wp\/v2\/users\/1"}],"replies":[{"embeddable":true,"href":"https:\/\/elvigia.cl\/wp\/wp-json\/wp\/v2\/comments?post=46"}],"version-history":[{"count":29,"href":"https:\/\/elvigia.cl\/wp\/wp-json\/wp\/v2\/pages\/46\/revisions"}],"predecessor-version":[{"id":148,"href":"https:\/\/elvigia.cl\/wp\/wp-json\/wp\/v2\/pages\/46\/revisions\/148"}],"wp:attachment":[{"href":"https:\/\/elvigia.cl\/wp\/wp-json\/wp\/v2\/media?parent=46"}],"curies":[{"name":"wp","href":"https:\/\/api.w.org\/{rel}","templated":true}]}}